{"id":4183,"date":"2023-11-27T13:15:47","date_gmt":"2023-11-27T13:15:47","guid":{"rendered":"https:\/\/cromex.ba\/?page_id=4183"},"modified":"2023-11-27T13:55:22","modified_gmt":"2023-11-27T13:55:22","slug":"politika-kvalitete-cromexa","status":"publish","type":"page","link":"https:\/\/cromex.ba\/bs\/politika-kvalitete-cromexa\/","title":{"rendered":"Politika kvalitete Cromexa"},"content":{"rendered":"\t\t<div data-elementor-type=\"wp-page\" data-elementor-id=\"4183\" class=\"elementor elementor-4183\">\n\t\t\t\t\t\t<section class=\"elementor-section elementor-top-section elementor-element elementor-element-8dfbdd9 elementor-section-boxed elementor-section-height-default elementor-section-height-default\" data-id=\"8dfbdd9\" data-element_type=\"section\">\n\t\t\t\t\t\t<div class=\"elementor-container elementor-column-gap-no\">\n\t\t\t\t\t<div class=\"elementor-column elementor-col-33 elementor-top-column elementor-element elementor-element-8680017\" data-id=\"8680017\" data-element_type=\"column\">\n\t\t\t<div class=\"elementor-widget-wrap elementor-element-populated\">\n\t\t\t\t\t\t<div class=\"elementor-element elementor-element-872089f e-transform e-transform elementor-widget elementor-widget-html\" data-id=\"872089f\" data-element_type=\"widget\" data-settings=\"{&quot;_transform_rotateZ_effect_mobile&quot;:{&quot;unit&quot;:&quot;deg&quot;,&quot;size&quot;:90,&quot;sizes&quot;:[]},&quot;_transform_translateX_effect_mobile&quot;:{&quot;unit&quot;:&quot;px&quot;,&quot;size&quot;:-85,&quot;sizes&quot;:[]},&quot;_transform_translateY_effect_mobile&quot;:{&quot;unit&quot;:&quot;px&quot;,&quot;size&quot;:-160,&quot;sizes&quot;:[]},&quot;_transform_rotateZ_effect&quot;:{&quot;unit&quot;:&quot;px&quot;,&quot;size&quot;:&quot;&quot;,&quot;sizes&quot;:[]},&quot;_transform_rotateZ_effect_tablet&quot;:{&quot;unit&quot;:&quot;deg&quot;,&quot;size&quot;:&quot;&quot;,&quot;sizes&quot;:[]},&quot;_transform_translateX_effect&quot;:{&quot;unit&quot;:&quot;px&quot;,&quot;size&quot;:&quot;&quot;,&quot;sizes&quot;:[]},&quot;_transform_translateX_effect_tablet&quot;:{&quot;unit&quot;:&quot;px&quot;,&quot;size&quot;:&quot;&quot;,&quot;sizes&quot;:[]},&quot;_transform_translateY_effect&quot;:{&quot;unit&quot;:&quot;px&quot;,&quot;size&quot;:&quot;&quot;,&quot;sizes&quot;:[]},&quot;_transform_translateY_effect_tablet&quot;:{&quot;unit&quot;:&quot;px&quot;,&quot;size&quot;:&quot;&quot;,&quot;sizes&quot;:[]}}\" data-widget_type=\"html.default\">\n\t\t\t\t<div class=\"elementor-widget-container\">\n\t\t\t<img data-src=\"https:\/\/cromex.ba\/wp-content\/uploads\/2023\/11\/iso.png\" width=\"\" height=\"\" style=\"justify-content:center;display:flex;text-align:center;\">\t\t<\/div>\n\t\t\t\t<\/div>\n\t\t\t\t\t<\/div>\n\t\t<\/div>\n\t\t\t\t<div class=\"elementor-column elementor-col-66 elementor-top-column elementor-element elementor-element-f8e92cc\" data-id=\"f8e92cc\" data-element_type=\"column\">\n\t\t\t<div class=\"elementor-widget-wrap elementor-element-populated\">\n\t\t\t\t\t\t<div class=\"elementor-element elementor-element-efa1da3 elementor-widget elementor-widget-text-editor\" data-id=\"efa1da3\" data-element_type=\"widget\" data-widget_type=\"text-editor.default\">\n\t\t\t\t<div class=\"elementor-widget-container\">\n\t\t\t<style>\/*! elementor - v3.19.0 - 29-01-2024 *\/\n.elementor-widget-text-editor.elementor-drop-cap-view-stacked .elementor-drop-cap{background-color:#69727d;color:#fff}.elementor-widget-text-editor.elementor-drop-cap-view-framed .elementor-drop-cap{color:#69727d;border:3px solid;background-color:transparent}.elementor-widget-text-editor:not(.elementor-drop-cap-view-default) .elementor-drop-cap{margin-top:8px}.elementor-widget-text-editor:not(.elementor-drop-cap-view-default) .elementor-drop-cap-letter{width:1em;height:1em}.elementor-widget-text-editor .elementor-drop-cap{float:left;text-align:center;line-height:1;font-size:50px}.elementor-widget-text-editor .elementor-drop-cap-letter{display:inline-block}<\/style>\t\t\t\t<div>CROMEX d.o.o.\u00a0 Prijedor, kroz osnovnu djelatnost<\/div><div>\u00a0<\/div><ul><li>p<strong>roizvodnja inox elemenata za enterijer i eksterijer;<\/strong><\/li><li><strong>pru\u017eanje usluga laserskog rezanja limova i cijevi\u00a0<\/strong>\u00a0<\/li><\/ul><div>svoju viziju i misiju ostvaruje stru\u010dnim radom, razvojem i inoviranjem usluga, metoda i postupaka u procesima rada i poslovanja sa ciljem zadovoljenja potreba svojih klijenata.<\/div><div>\u00a0<\/div><div>Cilj na\u0161eg privrednog dru\u0161tva je kvalitet, odnosno pru\u017eanje usluga na visoko profesionalnom nivou, kao i po\u0161tovanje klijenata i njihovih zahtjeva na najbolji mogu\u0107i na\u010din.\u00a0 Zbog potrebe za stalnim usavr\u0161avanjem i podizanjem kvaliteta na vi\u0161i nivo, <strong>CROMEX d.o.o.<\/strong>, se obavezuje da \u0107e poslovati u skladu sa ovim me\u0111unarodnim standardom.<\/div><div>\u00a0<\/div><div>U cilju implementacije standarda uprava kao i svi zaposleni se obavezuju da \u0107e zadovoljavati potrebe i zahtjeve klijenata pravovremeno, ta\u010dno, vjerodostojno i odgovorno ispunjavaju\u0107i u potpunosti potrebne zakone i propise. U skladu sa na\u0161om misijom i ciljevima:<\/div><div>\u00a0<\/div><ul><li>Usvojili smo Sistem menad\u017ementa kvalitetom u skladu sa me\u0111unarodnim standardom ISO 9001:2015, koji se sprovodi u svim sektorima poslovanja na\u0161eg privrednog dru\u0161tva.<\/li><li>Pru\u017eamo neophodne resurse za sprovo\u0111enje Sistema menad\u017ementa kvalitetom: ste\u010deno znanje i iskustvo, odgovaraju\u0107e obu\u010dene radnike i potrebne materijalne resurse.<\/li><li>Izgra\u0111ujemo partnerske odnose sa dobavlja\u010dima kroz me\u0111usobno povjerenje, jasnu i otvorenu komunikaciju.<\/li><li>Sa kupcima gradimo korektne odnose po\u0161tuju\u0107i ugovorene uslove isporuke kao i sve njihove zahtjeve, kako bismo ispunili sva njihova o\u010dekivanja.<\/li><li>Ula\u017eemo u stalno usavr\u0161avanje, informisanje i obu\u010davanje svojih zaposlenih u cilju zadovoljenja i ispunjenja zahtijeva svih klijenata privrednog dru\u0161tva.<\/li><li>Odre\u0111ujemo ciljeve kvaliteta, a stepen njihovog ostvarenja provjeravamo, preko na\u0161eg sistema rada u odre\u0111enim vremenskim rokovima. Istovremeno pratimo, mjerimo i procjenjujemo mogu\u0107e kriti\u010dne parametre da bi na taj na\u010din osigurali kvalitet usluga.<\/li><\/ul><div>Zadovoljenje potreba na\u0161ih kupaca i pove\u0107anje kvaliteta iznad njihovih o\u010dekivanja, kao i stalno pobolj\u0161anje efikasnosti sistema menad\u017ementa kvalitetom predstavlja vodilju poslovanja za dalji uspje\u0161an rad i napredovanje firme CROMEX d.o.o.\u00a0 Prijedor<\/div><div>\u00a0<\/div><div><strong>Prijedor, dana 01\/11\/2017.godine<\/strong><\/div><div>\u00a0<\/div><div><strong>D I R E K T O R<\/strong><br \/><strong>Enes Pehli\u0107<\/strong><\/div>\t\t\t\t\t\t<\/div>\n\t\t\t\t<\/div>\n\t\t\t\t\t<\/div>\n\t\t<\/div>\n\t\t\t\t\t<\/div>\n\t\t<\/section>\n\t\t\t\t<\/div>\n\t\t","protected":false},"excerpt":{"rendered":"<p>CROMEX d.o.o.\u00a0 Prijedor, kroz osnovnu djelatnost\u00a0 proizvodnja inox elemenata za enterijer i eksterijer; pru\u017eanje usluga laserskog rezanja limova i cijevi\u00a0\u00a0 svoju viziju i misiju ostvaruje stru\u010dnim radom, razvojem i inoviranjem usluga, metoda i postupaka u procesima rada i poslovanja sa ciljem zadovoljenja potreba svojih klijenata.\u00a0Cilj na\u0161eg privrednog dru\u0161tva je kvalitet, odnosno pru\u017eanje usluga na visoko <\/p>\n","protected":false},"author":1,"featured_media":0,"parent":0,"menu_order":0,"comment_status":"closed","ping_status":"closed","template":"","meta":{"_monsterinsights_skip_tracking":false,"_monsterinsights_sitenote_active":false,"_monsterinsights_sitenote_note":"","_monsterinsights_sitenote_category":0,"footnotes":""},"class_list":["post-4183","page","type-page","status-publish","hentry"],"aioseo_notices":[],"_links":{"self":[{"href":"https:\/\/cromex.ba\/bs\/wp-json\/wp\/v2\/pages\/4183","targetHints":{"allow":["GET"]}}],"collection":[{"href":"https:\/\/cromex.ba\/bs\/wp-json\/wp\/v2\/pages"}],"about":[{"href":"https:\/\/cromex.ba\/bs\/wp-json\/wp\/v2\/types\/page"}],"author":[{"embeddable":true,"href":"https:\/\/cromex.ba\/bs\/wp-json\/wp\/v2\/users\/1"}],"replies":[{"embeddable":true,"href":"https:\/\/cromex.ba\/bs\/wp-json\/wp\/v2\/comments?post=4183"}],"version-history":[{"count":0,"href":"https:\/\/cromex.ba\/bs\/wp-json\/wp\/v2\/pages\/4183\/revisions"}],"wp:attachment":[{"href":"https:\/\/cromex.ba\/bs\/wp-json\/wp\/v2\/media?parent=4183"}],"curies":[{"name":"wp","href":"https:\/\/api.w.org\/{rel}","templated":true}]}}